{"id":21,"date":"2014-10-04T01:59:46","date_gmt":"2014-10-04T01:59:46","guid":{"rendered":"http:\/\/www.justgaba.com\/?page_id=21"},"modified":"2020-03-19T15:47:35","modified_gmt":"2020-03-19T15:47:35","slug":"portrait","status":"publish","type":"page","link":"http:\/\/justgaba.com\/lt\/portrait\/","title":{"rendered":"Portretas"},"content":{"rendered":"<p>Tai vieno \u017emogaus (vaiko ar suaugusio asmens) fotosesija mano nam\u0173 studijoje arba lauke (gamtoje ar mieste). Jeigu fotosesij\u0105 pasirinkote lauke, d\u0117l geresnio ap\u0161vietimo, si\u016bly\u010diau vakarin\u012f laik\u0105. Pagrindiniai dalykai, k\u0105 tur\u0117tum\u0117t apgalvoti yra: apranga ir nuotaika. Jei turite id\u0117j\u0173, pra\u0161ome pasidalinti su manimi, kad gal\u0117tum\u0117m nuspr\u0119sti J\u016bs\u0173 fotosesijos viet\u0105 ar aprangos detales.<\/p>\n<p><img decoding=\"async\" id=\"pp-slideshow-1418244666\" class=\"pp-slideshow-placeholder pp-gallery-placeholder slideshow-1418244666 mceItem\" style=\"display: none;\" src=\"http:\/\/justgaba.com\/lt\/wp-content\/uploads\/pp\/placeholders\/slideshow-placeholder-1418244666.jpg\" \/><\/p>\n<p>&nbsp;<\/p>\n<p><strong>MA\u017dYLIAI<\/strong><\/p>\n<p>Jei tai vaiko fotosesija<strong>, <\/strong>rekomenduoju ateiti \u012f fotosesij\u0105 pilnais pilvukais, galite atsine\u0161ti m\u0117giamiausi\u0105 \u017eaisliuk\u0105 ar skan\u0117st\u0105, kad vaikas jaust\u0173si ramus ir nesijaudint\u0173. Mamyt\u0117 \u0161alia \u2013 visada tik pliusas!<\/p>\n<p>D\u0117l kain\u0173 ir kitos svarbios informacijos, pra\u0161ome aplankyti <a title=\"Kainora\u0161tis\" href=\"http:\/\/www.justgaba.com\/lt\/investment\/\">KAINORA\u0160TIS<\/a> skilt\u012f.<\/p>\n<p><img decoding=\"async\" id=\"pp-slideshow-1414119932\" class=\"pp-slideshow-placeholder pp-gallery-placeholder slideshow-1414119932 mceItem\" style=\"display: none;\" src=\"http:\/\/justgaba.com\/lt\/wp-content\/uploads\/pp\/placeholders\/slideshow-placeholder-1414119932.jpg\" \/><\/p>\n<p style=\"text-align: center;\">\u00a9 JustGaba photography 2020<\/p>\n","protected":false},"excerpt":{"rendered":"<p>Tai vieno \u017emogaus (vaiko ar suaugusio asmens) fotosesija mano nam\u0173 studijoje arba lauke (gamtoje ar mieste). Jeigu fotosesij\u0105 pasirinkote lauke, d\u0117l geresnio ap\u0161vietimo, si\u016bly\u010diau vakarin\u012f laik\u0105. Pagrindiniai dalykai, k\u0105 tur\u0117tum\u0117t apgalvoti yra: apranga ir nuotaika. Jei turite id\u0117j\u0173, pra\u0161ome pasidalinti su manimi, kad gal\u0117tum\u0117m nuspr\u0119sti J\u016bs\u0173 fotosesijos viet\u0105 ar aprangos detales. &nbsp; MA\u017dYLIAI Jei tai [&hellip;]<\/p>\n","protected":false},"author":1,"featured_media":0,"parent":0,"menu_order":0,"comment_status":"open","ping_status":"open","template":"","meta":{"footnotes":""},"_links":{"self":[{"href":"http:\/\/justgaba.com\/lt\/wp-json\/wp\/v2\/pages\/21"}],"collection":[{"href":"http:\/\/justgaba.com\/lt\/wp-json\/wp\/v2\/pages"}],"about":[{"href":"http:\/\/justgaba.com\/lt\/wp-json\/wp\/v2\/types\/page"}],"author":[{"embeddable":true,"href":"http:\/\/justgaba.com\/lt\/wp-json\/wp\/v2\/users\/1"}],"replies":[{"embeddable":true,"href":"http:\/\/justgaba.com\/lt\/wp-json\/wp\/v2\/comments?post=21"}],"version-history":[{"count":7,"href":"http:\/\/justgaba.com\/lt\/wp-json\/wp\/v2\/pages\/21\/revisions"}],"predecessor-version":[{"id":7373,"href":"http:\/\/justgaba.com\/lt\/wp-json\/wp\/v2\/pages\/21\/revisions\/7373"}],"wp:attachment":[{"href":"http:\/\/justgaba.com\/lt\/wp-json\/wp\/v2\/media?parent=21"}],"curies":[{"name":"wp","href":"https:\/\/api.w.org\/{rel}","templated":true}]}}