{"id":13,"date":"2014-10-03T21:02:19","date_gmt":"2014-10-03T21:02:19","guid":{"rendered":"http:\/\/www.justgaba.com\/?page_id=13"},"modified":"2022-09-29T22:43:31","modified_gmt":"2022-09-29T22:43:31","slug":"investment","status":"publish","type":"page","link":"https:\/\/justgaba.com\/lt\/investment\/","title":{"rendered":"Kainora\u0161tis"},"content":{"rendered":"<h1 style=\"text-align: center;\">LAUKINIS GRO\u017dIS<\/h1>\n<p><img loading=\"lazy\" decoding=\"async\" class=\"pp-insert-all size-full aligncenter\" src=\"http:\/\/justgaba.com\/lt\/wp-content\/uploads\/2022\/09\/29-13-page\/NUDES_koliazas_small.gif\" alt=\"\" width=\"1200\" height=\"1199\" \/><\/p>\n<h1><\/h1>\n<h1 style=\"text-align: center;\">MANDALA<\/h1>\n<p><img loading=\"lazy\" decoding=\"async\" class=\"size-medium wp-image-9783 aligncenter\" src=\"http:\/\/justgaba.com\/lt\/wp-content\/uploads\/2022\/06\/05-13-page\/koliazas_mandalu_deal-300x297.gif\" alt=\"\" width=\"300\" height=\"297\" srcset=\"https:\/\/justgaba.com\/lt\/wp-content\/uploads\/2022\/06\/05-13-page\/koliazas_mandalu_deal-300x297.gif 300w, https:\/\/justgaba.com\/lt\/wp-content\/uploads\/2022\/06\/05-13-page\/koliazas_mandalu_deal-150x150.gif 150w, https:\/\/justgaba.com\/lt\/wp-content\/uploads\/2022\/06\/05-13-page\/koliazas_mandalu_deal-768x761.gif 768w, https:\/\/justgaba.com\/lt\/wp-content\/uploads\/2022\/06\/05-13-page\/koliazas_mandalu_deal-1024x1015.gif 1024w\" sizes=\"(max-width: 300px) 100vw, 300px\" \/><\/p>\n<h1><\/h1>\n<h1 style=\"text-align: center;\"><strong>NAUJAGIMIAI<\/strong><\/h1>\n<p><img loading=\"lazy\" decoding=\"async\" class=\"pp-insert-all size-full aligncenter\" src=\"http:\/\/justgaba.com\/lt\/wp-content\/uploads\/2020\/03\/13-13-page\/package_newborns_2020.gif\" alt=\"\" width=\"1200\" height=\"1056\" \/><\/p>\n<h1 style=\"text-align: center;\"><strong>N\u0116\u0160TUMAS ( LAUKIMAS )<\/strong><\/h1>\n<p><img loading=\"lazy\" decoding=\"async\" class=\"pp-insert-all size-full aligncenter\" src=\"http:\/\/justgaba.com\/lt\/wp-content\/uploads\/2020\/03\/13-13-page\/maternity_package2020.gif\" alt=\"\" width=\"1200\" height=\"1320\" \/><\/p>\n<h1 style=\"text-align: center;\"><strong>\u0160EIMA<\/strong><\/h1>\n<p><img loading=\"lazy\" decoding=\"async\" class=\"pp-insert-all size-full aligncenter\" src=\"http:\/\/justgaba.com\/lt\/wp-content\/uploads\/2020\/03\/13-13-page\/family_packages2020.gif\" alt=\"\" width=\"1200\" height=\"1312\" \/><\/p>\n<h1 style=\"text-align: center;\"><strong>\u017dINDYMAS<\/strong><\/h1>\n<p><img loading=\"lazy\" decoding=\"async\" class=\"pp-insert-all size-full aligncenter\" src=\"http:\/\/justgaba.com\/lt\/wp-content\/uploads\/2020\/03\/14-13-page\/breastfeeding_package2020.gif\" alt=\"\" width=\"1200\" height=\"1225\" \/><\/p>\n<h1 style=\"text-align: center;\"><strong>VAIKO PORTRETAS<\/strong><\/h1>\n<p><img loading=\"lazy\" decoding=\"async\" class=\"pp-insert-all size-full aligncenter\" src=\"http:\/\/justgaba.com\/lt\/wp-content\/uploads\/2020\/03\/13-13-page\/child_portrait.gif\" alt=\"\" width=\"1106\" height=\"1200\" \/><\/p>\n<h1 style=\"text-align: center;\"><strong>ASMENINIS PORTRETAS<\/strong><\/h1>\n<p>&nbsp;<\/p>\n<p><img loading=\"lazy\" decoding=\"async\" class=\"pp-insert-all size-full aligncenter\" src=\"http:\/\/justgaba.com\/lt\/wp-content\/uploads\/2020\/03\/13-13-page\/adult_portrait-package2002.gif\" alt=\"\" width=\"1200\" height=\"1308\" \/><\/p>\n<h1 style=\"text-align: center;\"><strong>SVARBIOS \u0160VENT\u0116S<\/strong><\/h1>\n<p><img loading=\"lazy\" decoding=\"async\" class=\"pp-insert-all size-full aligncenter\" src=\"http:\/\/justgaba.com\/lt\/wp-content\/uploads\/2020\/03\/14-13-page\/special_event_packages_taisytas.gif\" alt=\"\" width=\"1200\" height=\"606\" \/><\/p>\n<p>&nbsp;<\/p>\n<p>Kad u\u017esirezervuoti viet\u0105 su mumis, J\u016bs turite susimok\u0117ti 100$ i\u0161ankstin\u012f negr\u0105\u017einam\u0105 mokest\u012f.<\/p>\n<p>Pra\u0161au susisiekti su mumis, para\u0161ydami elektronin\u0119 \u017einut\u0119 adresu: justgaba@yahoo.com arba Facebook puslapyje: <a href=\"http:\/\/www.facebook.com\/justgaba\/\">http:\/\/www.facebook.com\/justgaba\/<\/a>.<\/p>\n<p>Kainora\u0161tis ir planai bus Jums atsi\u016bsti asmeni\u0161kai.<\/p>\n<p style=\"text-align: center;\">\u00a9 JustGaba photography 2020<\/p>\n<p>&nbsp;<\/p>\n<p>&nbsp;<\/p>\n<p>&nbsp;<\/p>\n<p>&nbsp;<\/p>\n<p>&nbsp;<\/p>\n","protected":false},"excerpt":{"rendered":"<p>LAUKINIS GRO\u017dIS MANDALA NAUJAGIMIAI N\u0116\u0160TUMAS ( LAUKIMAS ) \u0160EIMA \u017dINDYMAS VAIKO PORTRETAS ASMENINIS PORTRETAS &nbsp; SVARBIOS \u0160VENT\u0116S &nbsp; Kad u\u017esirezervuoti viet\u0105 su mumis, J\u016bs turite susimok\u0117ti 100$ i\u0161ankstin\u012f negr\u0105\u017einam\u0105 mokest\u012f. Pra\u0161au susisiekti su mumis, para\u0161ydami elektronin\u0119 \u017einut\u0119 adresu: justgaba@yahoo.com arba Facebook puslapyje: http:\/\/www.facebook.com\/justgaba\/. Kainora\u0161tis ir planai bus Jums atsi\u016bsti asmeni\u0161kai. \u00a9 JustGaba photography 2020 &nbsp; [&hellip;]<\/p>\n","protected":false},"author":1,"featured_media":0,"parent":0,"menu_order":0,"comment_status":"closed","ping_status":"open","template":"","meta":{"footnotes":""},"_links":{"self":[{"href":"https:\/\/justgaba.com\/lt\/wp-json\/wp\/v2\/pages\/13"}],"collection":[{"href":"https:\/\/justgaba.com\/lt\/wp-json\/wp\/v2\/pages"}],"about":[{"href":"https:\/\/justgaba.com\/lt\/wp-json\/wp\/v2\/types\/page"}],"author":[{"embeddable":true,"href":"https:\/\/justgaba.com\/lt\/wp-json\/wp\/v2\/users\/1"}],"replies":[{"embeddable":true,"href":"https:\/\/justgaba.com\/lt\/wp-json\/wp\/v2\/comments?post=13"}],"version-history":[{"count":60,"href":"https:\/\/justgaba.com\/lt\/wp-json\/wp\/v2\/pages\/13\/revisions"}],"predecessor-version":[{"id":10016,"href":"https:\/\/justgaba.com\/lt\/wp-json\/wp\/v2\/pages\/13\/revisions\/10016"}],"wp:attachment":[{"href":"https:\/\/justgaba.com\/lt\/wp-json\/wp\/v2\/media?parent=13"}],"curies":[{"name":"wp","href":"https:\/\/api.w.org\/{rel}","templated":true}]}}