{"id":17,"date":"2014-10-04T01:57:59","date_gmt":"2014-10-04T01:57:59","guid":{"rendered":"http:\/\/www.justgaba.com\/?page_id=17"},"modified":"2020-03-19T15:38:32","modified_gmt":"2020-03-19T15:38:32","slug":"newborn","status":"publish","type":"page","link":"https:\/\/justgaba.com\/lt\/newborn\/","title":{"rendered":"K\u0105 tik Gim\u0119"},"content":{"rendered":"<p>Geriausias laikas naujagimio fotosesijai, kai k\u016bdikis yra 4-12 dien\u0173. Tada jis daugiausia miega ir lengviau pagauti tas mielas pozas. Po 12 dien\u0173 naujagimiai miega jau ma\u017eiau, daugiau ima muistytis, taip pat gali atsirasti ma\u017ei spuogeliai ant veiduko. Kadangi mes norime, kad k\u016bdikis per fotosesij\u0105 b\u016bt\u0173 ramus ir mieguistas, pasistenkite pamaitinti j\u012f visai prie\u0161 pat fotografuojant. Su pilnu pilviuku jis bus gra\u017eus ir ramus modeliukas.<\/p>\n<p>Visus naujagimio r\u016bbukus, dekoracijas ar kitas detales paruo\u0161iu a\u0161. Jeigu ka\u017ek\u0105 turite patys ir nor\u0117tum\u0117t panaudoti &#8211; r\u016bbel\u012f ar kepuryt\u0119, ar gra\u017e\u0173 papuo\u0161im\u0105 galvytei &#8211; maloniai pra\u0161ome atsine\u0161ti.<\/p>\n<p>Mano namuose yra privatus, tvarkingas kambarys, kuriame gal\u0117site pamaitinti vaikel\u012f, pakeisti jam sauskelnes.<\/p>\n<p>Niieko n\u0117ra gra\u017eiau, kaip &#8220;skin-on-skin&#8221; ( oda prie odos) nuotraukos, tai t\u0117tis gali iki pus\u0117s b\u016bti be mar\u0161kin\u0117li\u0173 keletai nuotrauk\u0173, mamyt\u0117 &#8211; su bliuskute be rankovi\u0173 ar iki puses, taip pat chalat\u0117lis. Pageidautinos vienspalv\u0117s spalvos, taip pat juoda-balta. Sukuria gra\u017e\u0173 fon\u0105 leliukui.<\/p>\n<p>D\u0117l kain\u0173 ir kitos svarbios informacijos pra\u0161ome \u017ei\u016br\u0117ti <a title=\"Investment\" href=\"http:\/\/www.justgaba.com\/lt\/investment\/\">KAINORA\u0160TIS<\/a> skilt\u012f.<\/p>\n<p>&nbsp;<\/p>\n<p><img decoding=\"async\" id=\"pp-slideshow-1421944130\" class=\"pp-slideshow-placeholder pp-gallery-placeholder slideshow-1421944130 mceItem\" style=\"display: none;\" src=\"http:\/\/justgaba.com\/lt\/wp-content\/uploads\/pp\/placeholders\/slideshow-placeholder-1421944130.jpg\" \/><\/p>\n<p><img decoding=\"async\" id=\"pp-slideshow-1461859780\" class=\"pp-slideshow-placeholder pp-gallery-placeholder slideshow-1461859780 mceItem\" style=\"display: none;\" src=\"http:\/\/justgaba.com\/lt\/wp-content\/uploads\/pp\/placeholders\/slideshow-placeholder-1461859780.jpg\" \/><\/p>\n<p style=\"text-align: center;\">\u00a9 JustGaba photography 2020<\/p>\n","protected":false},"excerpt":{"rendered":"<p>Geriausias laikas naujagimio fotosesijai, kai k\u016bdikis yra 4-12 dien\u0173. Tada jis daugiausia miega ir lengviau pagauti tas mielas pozas. Po 12 dien\u0173 naujagimiai miega jau ma\u017eiau, daugiau ima muistytis, taip pat gali atsirasti ma\u017ei spuogeliai ant veiduko. Kadangi mes norime, kad k\u016bdikis per fotosesij\u0105 b\u016bt\u0173 ramus ir mieguistas, pasistenkite pamaitinti j\u012f visai prie\u0161 pat fotografuojant. [&hellip;]<\/p>\n","protected":false},"author":1,"featured_media":0,"parent":0,"menu_order":0,"comment_status":"open","ping_status":"open","template":"","meta":{"footnotes":""},"_links":{"self":[{"href":"https:\/\/justgaba.com\/lt\/wp-json\/wp\/v2\/pages\/17"}],"collection":[{"href":"https:\/\/justgaba.com\/lt\/wp-json\/wp\/v2\/pages"}],"about":[{"href":"https:\/\/justgaba.com\/lt\/wp-json\/wp\/v2\/types\/page"}],"author":[{"embeddable":true,"href":"https:\/\/justgaba.com\/lt\/wp-json\/wp\/v2\/users\/1"}],"replies":[{"embeddable":true,"href":"https:\/\/justgaba.com\/lt\/wp-json\/wp\/v2\/comments?post=17"}],"version-history":[{"count":9,"href":"https:\/\/justgaba.com\/lt\/wp-json\/wp\/v2\/pages\/17\/revisions"}],"predecessor-version":[{"id":7348,"href":"https:\/\/justgaba.com\/lt\/wp-json\/wp\/v2\/pages\/17\/revisions\/7348"}],"wp:attachment":[{"href":"https:\/\/justgaba.com\/lt\/wp-json\/wp\/v2\/media?parent=17"}],"curies":[{"name":"wp","href":"https:\/\/api.w.org\/{rel}","templated":true}]}}