{"id":19,"date":"2014-10-04T01:58:57","date_gmt":"2014-10-04T01:58:57","guid":{"rendered":"http:\/\/www.justgaba.com\/?page_id=19"},"modified":"2016-02-25T16:07:12","modified_gmt":"2016-02-25T16:07:12","slug":"family","status":"publish","type":"page","link":"https:\/\/justgaba.com\/lt\/family\/","title":{"rendered":"Kartu"},"content":{"rendered":"<p>\u0160eimos fotosesija yra mano m\u0117giamiausia. \u017daviuos \u0161ia id\u0117ja buvimo \u201cKartu\u201d, k\u0105 kiekviena \u0161eima atspindi ir atsine\u0161a \u012f fotosesij\u0105. Pagrindinis mano siekimas ir tikslas- rasti ir atskleisti j\u016bs\u0173 Meil\u0119 savo \u0161eimai ir perteikti t\u0105 moment\u0105. Per mano fotografijas papasakoti J\u016bs\u0173 istorij\u0105!<\/p>\n<p>Pagrindinis dalykas, k\u0105 tur\u0117tum\u0117t apm\u0105styti, yra apranga. Visi \u0161eimos nariai tur\u0117t\u0173 vilk\u0117ti pana\u0161i\u0173 ar greta einan\u010di\u0173 spalv\u0173 derini\u0173 r\u016bbus. Tai gali b\u016bti ir kontrastingos spalvos, ta\u010diau visi \u0161eimos nariai tur\u0117t\u0173 vienaip ar kitaip jungt vienas kit\u0105. Ta\u010diau tai neturi b\u016bti vienodi r\u016bbai. Su malonumu gal\u0117\u010diau patarti, taigi nesidrov\u0117kit klaust \ud83d\ude42<\/p>\n<p>D\u0117l kain\u0173 ir kitos svarbios informacijos, pra\u0161ome aplankyti <a title=\"Kainora\u0161tis\" href=\"http:\/\/www.justgaba.com\/lt\/investment\/\">KAINORA\u0160TIS<\/a> skilt\u012f.<\/p>\n<p><img decoding=\"async\" id=\"pp-slideshow-1414119369\" class=\"pp-slideshow-placeholder pp-gallery-placeholder slideshow-1414119369 mceItem\" style=\"display: none;\" src=\"http:\/\/www.justgaba.com\/lt\/wp-content\/uploads\/pp\/placeholders\/slideshow-placeholder-1414119369.jpg\" alt=\"\" \/><\/p>\n<p>&nbsp;<\/p>\n<p>&nbsp;<\/p>\n","protected":false},"excerpt":{"rendered":"<p>\u0160eimos fotosesija yra mano m\u0117giamiausia. \u017daviuos \u0161ia id\u0117ja buvimo \u201cKartu\u201d, k\u0105 kiekviena \u0161eima atspindi ir atsine\u0161a \u012f fotosesij\u0105. Pagrindinis mano siekimas ir tikslas- rasti ir atskleisti j\u016bs\u0173 Meil\u0119 savo \u0161eimai ir perteikti t\u0105 moment\u0105. Per mano fotografijas papasakoti J\u016bs\u0173 istorij\u0105! Pagrindinis dalykas, k\u0105 tur\u0117tum\u0117t apm\u0105styti, yra apranga. Visi \u0161eimos nariai tur\u0117t\u0173 vilk\u0117ti pana\u0161i\u0173 ar greta [&hellip;]<\/p>\n","protected":false},"author":1,"featured_media":0,"parent":0,"menu_order":0,"comment_status":"open","ping_status":"open","template":"","meta":{"footnotes":""},"_links":{"self":[{"href":"https:\/\/justgaba.com\/lt\/wp-json\/wp\/v2\/pages\/19"}],"collection":[{"href":"https:\/\/justgaba.com\/lt\/wp-json\/wp\/v2\/pages"}],"about":[{"href":"https:\/\/justgaba.com\/lt\/wp-json\/wp\/v2\/types\/page"}],"author":[{"embeddable":true,"href":"https:\/\/justgaba.com\/lt\/wp-json\/wp\/v2\/users\/1"}],"replies":[{"embeddable":true,"href":"https:\/\/justgaba.com\/lt\/wp-json\/wp\/v2\/comments?post=19"}],"version-history":[{"count":3,"href":"https:\/\/justgaba.com\/lt\/wp-json\/wp\/v2\/pages\/19\/revisions"}],"predecessor-version":[{"id":405,"href":"https:\/\/justgaba.com\/lt\/wp-json\/wp\/v2\/pages\/19\/revisions\/405"}],"wp:attachment":[{"href":"https:\/\/justgaba.com\/lt\/wp-json\/wp\/v2\/media?parent=19"}],"curies":[{"name":"wp","href":"https:\/\/api.w.org\/{rel}","templated":true}]}}