{"id":2,"date":"2014-10-02T19:13:33","date_gmt":"2014-10-02T19:13:33","guid":{"rendered":"http:\/\/www.justgaba.com\/?page_id=2"},"modified":"2017-08-10T18:03:13","modified_gmt":"2017-08-10T18:03:13","slug":"about","status":"publish","type":"page","link":"https:\/\/justgaba.com\/lt\/about\/","title":{"rendered":"Susipa\u017eink su Gaba (Gabriele)"},"content":{"rendered":"<p>&nbsp;<\/p>\n<p>&nbsp;<\/p>\n<p><img loading=\"lazy\" decoding=\"async\" class=\"pp-insert-all size-full aligncenter\" src=\"http:\/\/www.justgaba.com\/lt\/wp-content\/uploads\/2014\/10\/10-2-page\/justgaba_profail_picture_dvi.png\" alt=\"\" width=\"1204\" height=\"2048\" \/>A\u0161 visada buvau meni\u0161kos sielos. Po mano vaik\u0173 gimimo, atradau nauj\u0105 hob\u012f &#8211; fotografij\u0105. Dievinu \u012fam\u017einti kiekvienos dienos detales, nuotaikas, kasdieninias i\u0161rai\u0161kas bei emocijas savo vaik\u0173 veiduose, mimikose bei elgsenoje. Tie ma\u017ei moment\u0117liai tiesiog daro mane laiminga. Artadau Laisv\u0119 bei Pilnatv\u0119 taip pat vidin\u0119 ramyb\u0119 bei sav\u0119s realizacij\u0105 fotografuojant.<\/p>\n<p>Gamta yra tokia turtinga, ji geriausias \u012fkv\u0117pimo \u0161altinis nuotraukoms, d\u0117l to taip m\u0117gstu fotografuoti Jus joje. Gaudyti natural\u0173 ap\u0161vietim\u0105!<\/p>\n<p>\u017daviuosi \u0161e\u0161\u0117liais, vandens atspind\u017eiais, lietumi, sniegu, tirpstan\u010diu ant skruosto ir pan.<\/p>\n<p><strong>Mano stilius<\/strong><\/p>\n<p>Mano stilius yra laisvas, gyvas bei meni\u0161kas. Labiau nei pagauti besikartojan\u010dias \u0161ypsenas veiduose, mane \u017eavi emocijos, real\u016bs, gyvi bei nesukaustyti vaizdai. Vaik\u0173 veiduose \u2013 susidom\u0117jimas, nekaltumas, juokas, a\u0161aros ar net li\u016bdesys. Tokios nuotraukos man pa\u010dios mieliausios&#8230;<\/p>\n<p><strong>Pla\u010diau apie mane<\/strong><\/p>\n<p>Esu i\u0161 dvyni\u0173. Turiu savo paties atspind\u012f &#8211; seser\u012f Simon\u0105. Dvyni\u0173 ry\u0161ys yra nenusakomas, neapra\u0161omas. Jis tiesiog begalinis. \u0160iame gyvenimo tarpsnyje, kuris siejamas su fotografavimu \u2013 Simona yra mano patar\u0117ja, koleg\u0117, kartais ir kritik\u0117. Taip jau atsitiko, kad gyvename skirtingose \u0161alyse, a\u0161 Amerikoje, ji &#8211; Lietuvoje, bet m\u016bs\u0173 pasaul\u0117\u017ei\u016bra yra artima, abi domim\u0117s fotografija, menais.<\/p>\n<p>Iki dabar \u2013 fotografija yra mano hobis ir darbas. Vis dar mokausi , tobulinu savo \u017einias bei retu\u0161avimo stili\u0173.<\/p>\n<p>Esu dviej\u0173 vaik\u0173 mama, tai laikas yra LABAI brangus! Stengiuos padaryti tiek, kad dar ras\u010diau laiko ir savo \u0161eimai.<\/p>\n<p>Pagal zodiak\u0105 a\u0161 Jautis. M\u0117gstu gaminti ir valgyti skan\u0173, sveik\u0105 maist\u0105.<\/p>\n<p>Patinka ruo\u0161ti, dekoruoti \u0161ventes. Ypa\u010d myliu amerikieti\u0161kas \u0161ventes \u201eBaby Shower\u201c ir \u201eHalloween\u201c. Galiu pad\u0117ti suderinti r\u016bbus fotosesijoms.<\/p>\n<p>Patinka daryti kitiems gera, matyti nustebusi\u0173 ir su\u017eav\u0117t\u0173 mano nuotraukomis \u017emoni\u0173 veidus. M\u0117gstu ger\u0105 muzik\u0105, draugi\u0161kus ir atvirus \u017emones, dievinu keliones, o kartais smagu tiesiog ting\u0117ti (to man reik\u0117t\u0173 \u0161iek tiek daugiau!)<\/p>\n<p>Tad, jei turite min\u010di\u0173, ra\u0161ykite, pabandysim \u012fgyvendinti jas kartu!<\/p>\n<p>Labai laukiu susitikimo su J\u016bs\u0173 \u0161eima ir nor\u0117\u010diau pad\u0117ti sukurti J\u016bs\u0173 ISTORIJ\u0104 nuotraukose.<\/p>\n<p><strong>Kita informacija<\/strong><\/p>\n<p>Kauno Dail\u0117s Gimnazija, (Lietuva) 1987-1999.<\/p>\n<p>Kauno Dail\u0117s Institutas, Vilniaus Dail\u0117s Akademijos skyrius Kaune 1999- 2003<\/p>\n<p>(specialyb\u0117- taikomoji ir vaizduojamoji grafika).<\/p>\n<p>Web dizaino bei grafikos kursai, po bakalauro \u2013 Meno Institutas \u0160amburge, IL 2005-2006.<\/p>\n<p><strong><em>Apie dizaino pus\u0119:<\/em><\/strong><\/p>\n<p>A\u0161 bandau pasi\u016blyti \u017emon\u0117ms taikomosios grafikos paslaugas, pvz.: gimtadienio, krik\u0161tyn\u0173 ar pan.- kvietimo dizainas, vaiko gimimo paskelbimas \u0161eimai ir draugams (internetiniu b\u016bdu), ar \u0161ventin\u0117s atvirut\u0117s dizainas (Kal\u0117din\u0117, V\u0117lykin\u0117 ar pan.), viskas, kur galima naudoti nuotraukas. Id\u0117j\u0173 daugyb\u0117, gal tiesiog reik nedidelio u\u017era\u0161o prie nuotraukos, ar fraz\u0117s, tod\u0117l jei turit min\u010di\u0173, nesidrov\u0117kit, ra\u0161ykit, pabandysim \u012fgyvendinti visk\u0105 kartu!<\/p>\n<ul>\n<li>Si\u016blom ir kitas dizaino paslaugas, pla\u010diau apie tai <a title=\"Kainora\u0161tis\" href=\"http:\/\/www.justgaba.com\/lt\/investment\/\">KAINORA\u0160TIS<\/a> skiltyje.<\/li>\n<li>Vieta \u2013 Amerika (\u010cikaga) ir Lietuva (Kaunas) \u2013 \u201c<strong><a href=\"http:\/\/sitiart.lt\">Si_Ti art &amp; design<\/a>\u201d<\/strong>.<\/li>\n<\/ul>\n","protected":false},"excerpt":{"rendered":"<p>&nbsp; &nbsp; A\u0161 visada buvau meni\u0161kos sielos. Po mano vaik\u0173 gimimo, atradau nauj\u0105 hob\u012f &#8211; fotografij\u0105. Dievinu \u012fam\u017einti kiekvienos dienos detales, nuotaikas, kasdieninias i\u0161rai\u0161kas bei emocijas savo vaik\u0173 veiduose, mimikose bei elgsenoje. Tie ma\u017ei moment\u0117liai tiesiog daro mane laiminga. Artadau Laisv\u0119 bei Pilnatv\u0119 taip pat vidin\u0119 ramyb\u0119 bei sav\u0119s realizacij\u0105 fotografuojant. Gamta yra tokia turtinga, [&hellip;]<\/p>\n","protected":false},"author":1,"featured_media":0,"parent":0,"menu_order":0,"comment_status":"open","ping_status":"open","template":"","meta":{"footnotes":""},"_links":{"self":[{"href":"https:\/\/justgaba.com\/lt\/wp-json\/wp\/v2\/pages\/2"}],"collection":[{"href":"https:\/\/justgaba.com\/lt\/wp-json\/wp\/v2\/pages"}],"about":[{"href":"https:\/\/justgaba.com\/lt\/wp-json\/wp\/v2\/types\/page"}],"author":[{"embeddable":true,"href":"https:\/\/justgaba.com\/lt\/wp-json\/wp\/v2\/users\/1"}],"replies":[{"embeddable":true,"href":"https:\/\/justgaba.com\/lt\/wp-json\/wp\/v2\/comments?post=2"}],"version-history":[{"count":5,"href":"https:\/\/justgaba.com\/lt\/wp-json\/wp\/v2\/pages\/2\/revisions"}],"predecessor-version":[{"id":4815,"href":"https:\/\/justgaba.com\/lt\/wp-json\/wp\/v2\/pages\/2\/revisions\/4815"}],"wp:attachment":[{"href":"https:\/\/justgaba.com\/lt\/wp-json\/wp\/v2\/media?parent=2"}],"curies":[{"name":"wp","href":"https:\/\/api.w.org\/{rel}","templated":true}]}}