{"id":23,"date":"2014-10-04T02:00:31","date_gmt":"2014-10-04T02:00:31","guid":{"rendered":"http:\/\/www.justgaba.com\/?page_id=23"},"modified":"2020-03-19T15:21:58","modified_gmt":"2020-03-19T15:21:58","slug":"maternity","status":"publish","type":"page","link":"https:\/\/justgaba.com\/lt\/maternity\/","title":{"rendered":"Belaukiant"},"content":{"rendered":"<p>Pats geriausias laikas u\u017esisakyti n\u0117\u0161\u010diosios fotosesij\u0105 30\u2013 34 laukimo savait\u0119. Pilvukas tuomet jau paaug\u0119s ir gra\u017eiai p\u016bpso, bet dar esate \u017evali, lengvai galite pozuoti bei jud\u0117ti. \u0160iuo metu moteris pati gra\u017eiausia, ji tiesiog spindi! Taigi, pra\u0161ome planuoti ir u\u017esisakyti savo n\u0117\u0161\u010diosios fotosesij\u0105 3- 4 savait\u0117mis anks\u010diau, nei sulauksite 30-34 savait\u0117s.<\/p>\n<p>U\u017e papildom\u0105 kain\u0105 galiu pasi\u016blyti n\u0117\u0161\u010diosios sukneles, arba maloniai pra\u0161ome \u012fsigyti gra\u017e\u0173 apdar\u0105 pa\u010diai.<\/p>\n<p>D\u0117l kain\u0173 ir kitos informacijos pra\u0161ome aplankyti <a title=\"Kainora\u0161tis\" href=\"http:\/\/www.justgaba.com\/lt\/investment\/\">KAINORA\u0160TIS<\/a> skilt\u012f.<\/p>\n<p><img decoding=\"async\" id=\"pp-slideshow-1418227402\" class=\"pp-slideshow-placeholder pp-gallery-placeholder slideshow-1418227402 mceItem\" style=\"display: none;\" src=\"http:\/\/justgaba.com\/lt\/wp-content\/uploads\/pp\/placeholders\/slideshow-placeholder-1418227402.jpg\" \/><\/p>\n<p style=\"text-align: center;\">Jei J\u016bs labiau nor\u0117tum\u0117te n\u0117\u0161tuk\u0117s fotosesijos studijoje nei lauke, pra\u0161ome susisiekti su mumis \u00a0,para\u0161ydami elektronin\u0119 \u017einut\u0119 justgaba@yahoo.com arba br\u016bk\u0161teldami mums \u012f Facebook : <a href=\"http:\/\/www.facebook.com\/justgaba\/\">http:\/\/www.facebook.com\/justgaba\/<\/a>. Nebijokite klausti, pasakyti, apie k\u0105 svajojate, mes visada pasistengsime suk\u016brti J\u016bs\u0173 svajoni\u0173 laukimo fotosesij\u0105.<\/p>\n<p>&nbsp;<\/p>\n<p>&nbsp;<\/p>\n<p>&nbsp;<\/p>\n<p>&nbsp;<\/p>\n<p>&nbsp;<\/p>\n<p style=\"text-align: center;\">\u00a9 JustGaba photography 2020<\/p>\n<p>&nbsp;<\/p>\n","protected":false},"excerpt":{"rendered":"<p>Pats geriausias laikas u\u017esisakyti n\u0117\u0161\u010diosios fotosesij\u0105 30\u2013 34 laukimo savait\u0119. Pilvukas tuomet jau paaug\u0119s ir gra\u017eiai p\u016bpso, bet dar esate \u017evali, lengvai galite pozuoti bei jud\u0117ti. \u0160iuo metu moteris pati gra\u017eiausia, ji tiesiog spindi! Taigi, pra\u0161ome planuoti ir u\u017esisakyti savo n\u0117\u0161\u010diosios fotosesij\u0105 3- 4 savait\u0117mis anks\u010diau, nei sulauksite 30-34 savait\u0117s. U\u017e papildom\u0105 kain\u0105 galiu pasi\u016blyti [&hellip;]<\/p>\n","protected":false},"author":1,"featured_media":0,"parent":0,"menu_order":0,"comment_status":"open","ping_status":"open","template":"","meta":{"footnotes":""},"_links":{"self":[{"href":"https:\/\/justgaba.com\/lt\/wp-json\/wp\/v2\/pages\/23"}],"collection":[{"href":"https:\/\/justgaba.com\/lt\/wp-json\/wp\/v2\/pages"}],"about":[{"href":"https:\/\/justgaba.com\/lt\/wp-json\/wp\/v2\/types\/page"}],"author":[{"embeddable":true,"href":"https:\/\/justgaba.com\/lt\/wp-json\/wp\/v2\/users\/1"}],"replies":[{"embeddable":true,"href":"https:\/\/justgaba.com\/lt\/wp-json\/wp\/v2\/comments?post=23"}],"version-history":[{"count":11,"href":"https:\/\/justgaba.com\/lt\/wp-json\/wp\/v2\/pages\/23\/revisions"}],"predecessor-version":[{"id":7304,"href":"https:\/\/justgaba.com\/lt\/wp-json\/wp\/v2\/pages\/23\/revisions\/7304"}],"wp:attachment":[{"href":"https:\/\/justgaba.com\/lt\/wp-json\/wp\/v2\/media?parent=23"}],"curies":[{"name":"wp","href":"https:\/\/api.w.org\/{rel}","templated":true}]}}