{"id":25,"date":"2014-10-04T02:01:30","date_gmt":"2014-10-04T02:01:30","guid":{"rendered":"http:\/\/www.justgaba.com\/?page_id=25"},"modified":"2016-04-29T14:51:48","modified_gmt":"2016-04-29T14:51:48","slug":"special-occasion","status":"publish","type":"page","link":"https:\/\/justgaba.com\/lt\/special-occasion\/","title":{"rendered":"J\u016bs\u0173 Specialios \u0160vent\u0117s Fotosesija"},"content":{"rendered":"<p><strong><em>Mes si\u016blome \u0161ias fotografijos paslaugas<\/em>:<\/strong><\/p>\n<p>Gimtadienis<\/p>\n<p>Krik\u0161tynos<\/p>\n<p>Baby Shower\u2019is ir kt.<\/p>\n<p>Vestuv\u0117s \/ Jungtuv\u0117s &#8211; d\u0117l \u0161i\u0173 paslaug\u0173 pra\u0161ome susisiekti su manimi asmeni\u0161kai, nes reik sutarti detales ir kain\u0105.<\/p>\n<p>Pra\u0161ome u\u017esakyti \u0160vent\u0117s fotosesij\u0105 bent 3-4 savaites prie\u0161.<\/p>\n<p>&nbsp;<\/p>\n<p>D\u0117l kain\u0173 bei kitos svarbios informacijos, pra\u0161ome susisiekti su manimi asmenine \u017einute Facebook\u2019e, telefonu arba elektoniniu pa\u0161tu. Taip pat galite aplankyti <a title=\"Kainora\u0161tis\" href=\"http:\/\/www.justgaba.com\/lt\/investment\/\">KAINORA\u0160TIS <\/a>skilt\u012f.<\/p>\n<p><img decoding=\"async\" id=\"pp-slideshow-1414118556\" class=\"pp-slideshow-placeholder pp-gallery-placeholder slideshow-1414118556 mceItem\" style=\"display: none;\" src=\"http:\/\/www.justgaba.com\/lt\/wp-content\/uploads\/pp\/placeholders\/slideshow-placeholder-1414118556.jpg\" alt=\"\" \/><\/p>\n<p><img decoding=\"async\" id=\"pp-slideshow-1420677329\" class=\"pp-slideshow-placeholder pp-gallery-placeholder slideshow-1420677329 mceItem\" style=\"display: none;\" src=\"http:\/\/www.justgaba.com\/lt\/wp-content\/uploads\/pp\/placeholders\/slideshow-placeholder-1420677329.jpg\" alt=\"\" \/><\/p>\n<p>&nbsp;<\/p>\n<p>&nbsp;<\/p>\n","protected":false},"excerpt":{"rendered":"<p>Mes si\u016blome \u0161ias fotografijos paslaugas: Gimtadienis Krik\u0161tynos Baby Shower\u2019is ir kt. Vestuv\u0117s \/ Jungtuv\u0117s &#8211; d\u0117l \u0161i\u0173 paslaug\u0173 pra\u0161ome susisiekti su manimi asmeni\u0161kai, nes reik sutarti detales ir kain\u0105. Pra\u0161ome u\u017esakyti \u0160vent\u0117s fotosesij\u0105 bent 3-4 savaites prie\u0161. &nbsp; D\u0117l kain\u0173 bei kitos svarbios informacijos, pra\u0161ome susisiekti su manimi asmenine \u017einute Facebook\u2019e, telefonu arba elektoniniu pa\u0161tu. [&hellip;]<\/p>\n","protected":false},"author":1,"featured_media":0,"parent":0,"menu_order":0,"comment_status":"open","ping_status":"open","template":"","meta":{"footnotes":""},"_links":{"self":[{"href":"https:\/\/justgaba.com\/lt\/wp-json\/wp\/v2\/pages\/25"}],"collection":[{"href":"https:\/\/justgaba.com\/lt\/wp-json\/wp\/v2\/pages"}],"about":[{"href":"https:\/\/justgaba.com\/lt\/wp-json\/wp\/v2\/types\/page"}],"author":[{"embeddable":true,"href":"https:\/\/justgaba.com\/lt\/wp-json\/wp\/v2\/users\/1"}],"replies":[{"embeddable":true,"href":"https:\/\/justgaba.com\/lt\/wp-json\/wp\/v2\/comments?post=25"}],"version-history":[{"count":5,"href":"https:\/\/justgaba.com\/lt\/wp-json\/wp\/v2\/pages\/25\/revisions"}],"predecessor-version":[{"id":2034,"href":"https:\/\/justgaba.com\/lt\/wp-json\/wp\/v2\/pages\/25\/revisions\/2034"}],"wp:attachment":[{"href":"https:\/\/justgaba.com\/lt\/wp-json\/wp\/v2\/media?parent=25"}],"curies":[{"name":"wp","href":"https:\/\/api.w.org\/{rel}","templated":true}]}}