{"id":27,"date":"2014-10-04T02:02:44","date_gmt":"2014-10-04T02:02:44","guid":{"rendered":"http:\/\/www.justgaba.com\/?page_id=27"},"modified":"2017-11-14T19:42:44","modified_gmt":"2017-11-14T19:42:44","slug":"session-policies","status":"publish","type":"page","link":"https:\/\/justgaba.com\/lt\/session-policies\/","title":{"rendered":"Fotosesijos Nuostatos ir \u012esipareigojimai"},"content":{"rendered":"<ul>\n<li>\u00a0Naujagimio \/ Nes\u010diosios \/ \u0160eimos \/ Krik\u0161tyn\u0173 \/ Vestuvi\u0173 fotosesijas geriausia u\u017esirezervuoti 3-4 sav. i\u0161 anksto.<\/li>\n<li>\u0160itoms foto sesijoms yra prie\u0161ankstinis 100$ mokestis, kuris turi b\u016bti sumok\u0117tas rezervuojant, kad gal\u0117\u010diau pasi\u017eym\u0117ti j\u016bs\u0173 fotosesijos dien\u0105 ir laik\u0105 savo kalendoriuje. \u0160is mokestis nebus gr\u0105\u017einamas d\u0117l bet kokios prie\u017easties.<\/li>\n<li>Kiekvienas klientas turi u\u017epildyti ir pasira\u0161yti modelio form\u0105\u00a0d\u0117l savo ar vaik\u0173 nuotrauk\u0173 vie\u0161inimo internete. Tie klientai, kurie nenori vie\u0161inti nuotrauk\u0173 internete ( kaip Facebook&#8217;e ar mano internetin\u0117je svetain\u0117je), gali susimok\u0117ti 100$ mokest\u012f, ir a\u0161 j\u0173 nevie\u0161insiu.<\/li>\n<li>Klientams RAW failai neduodami, tik jpg&#8217;ai.<\/li>\n<li>Norint u\u017esisakyti nuotraukas, albumus ar drobe aptrauktus darbus, yra 100$ minimumas.<\/li>\n<li>Kai jau susitariame d\u0117l visko, ir aptariame, kurias nuotraukas nor\u0117tum\u0117te atsispausdinti, duokite apie 4-6 savaites pristatymui. Special\u016bs u\u017esakymai ar aptraukimas ant drob\u0117s, u\u017etruks 4-8 savaites pagaminimui ir pristatymui.<\/li>\n<li>Mini sesij\u0173 nuotrauk\u0117les a\u0161 atsiun\u010diu elektroniniu pa\u0161tu. A\u010di\u016b dar kartel\u012f!<\/li>\n<li>D\u0117l m\u016bs\u0173 paslaug\u0173 kain\u0173 ir kitos informacijos, pra\u0161ome aplankyti <a title=\"Kainora\u0161tis\" href=\"http:\/\/www.justgaba.com\/lt\/investment\/\">KAINORA\u0160TIS<\/a> skilt\u012f.<\/li>\n<li>Kainos gali keistis be jokio persp\u0117jimo.<\/li>\n<li>Apmok\u0117jimas turi b\u016bti padarytas po fosesijos.<\/li>\n<li>Mini sesij\u0173 nuotraukas a\u0161 da\u017eniausiai atsiun\u010diu elektoniniu pa\u0161tu. A\u010di\u016b dar kartel\u012f !<\/li>\n<\/ul>\n","protected":false},"excerpt":{"rendered":"<p>\u00a0Naujagimio \/ Nes\u010diosios \/ \u0160eimos \/ Krik\u0161tyn\u0173 \/ Vestuvi\u0173 fotosesijas geriausia u\u017esirezervuoti 3-4 sav. i\u0161 anksto. \u0160itoms foto sesijoms yra prie\u0161ankstinis 100$ mokestis, kuris turi b\u016bti sumok\u0117tas rezervuojant, kad gal\u0117\u010diau pasi\u017eym\u0117ti j\u016bs\u0173 fotosesijos dien\u0105 ir laik\u0105 savo kalendoriuje. \u0160is mokestis nebus gr\u0105\u017einamas d\u0117l bet kokios prie\u017easties. Kiekvienas klientas turi u\u017epildyti ir pasira\u0161yti modelio form\u0105\u00a0d\u0117l savo [&hellip;]<\/p>\n","protected":false},"author":1,"featured_media":0,"parent":0,"menu_order":0,"comment_status":"closed","ping_status":"open","template":"","meta":{"footnotes":""},"_links":{"self":[{"href":"https:\/\/justgaba.com\/lt\/wp-json\/wp\/v2\/pages\/27"}],"collection":[{"href":"https:\/\/justgaba.com\/lt\/wp-json\/wp\/v2\/pages"}],"about":[{"href":"https:\/\/justgaba.com\/lt\/wp-json\/wp\/v2\/types\/page"}],"author":[{"embeddable":true,"href":"https:\/\/justgaba.com\/lt\/wp-json\/wp\/v2\/users\/1"}],"replies":[{"embeddable":true,"href":"https:\/\/justgaba.com\/lt\/wp-json\/wp\/v2\/comments?post=27"}],"version-history":[{"count":12,"href":"https:\/\/justgaba.com\/lt\/wp-json\/wp\/v2\/pages\/27\/revisions"}],"predecessor-version":[{"id":4972,"href":"https:\/\/justgaba.com\/lt\/wp-json\/wp\/v2\/pages\/27\/revisions\/4972"}],"wp:attachment":[{"href":"https:\/\/justgaba.com\/lt\/wp-json\/wp\/v2\/media?parent=27"}],"curies":[{"name":"wp","href":"https:\/\/api.w.org\/{rel}","templated":true}]}}