{"id":352,"date":"2014-10-17T16:51:30","date_gmt":"2014-10-17T16:51:30","guid":{"rendered":"http:\/\/www.justgaba.com\/lt\/soft_light_homepage\/"},"modified":"2020-03-13T20:14:03","modified_gmt":"2020-03-13T20:14:03","slug":"soft_light_homepage","status":"publish","type":"page","link":"https:\/\/justgaba.com\/lt\/","title":{"rendered":"soft_light_homepage"},"content":{"rendered":"<p>&nbsp;<\/p>\n<p>&nbsp;<\/p>\n<p>&nbsp;<\/p>\n<p><img loading=\"lazy\" decoding=\"async\" class=\"pp-insert-all size-full aligncenter\" src=\"http:\/\/justgaba.com\/lt\/wp-content\/uploads\/2020\/03\/13-352-page\/GABA-portretas-1.gif\" alt=\"\" width=\"770\" height=\"860\" \/><\/p>\n<p>&nbsp;<\/p>\n<p style=\"text-align: center;\">Labai A\u010cI\u016a, kad stabtel\u0117jote!<\/p>\n<p style=\"text-align: center;\">Mano vardas Gabriel\u0117, bet draugai mane vadina tiesiog Gaba. Taip ir gim\u0117 mano verslo pavadinimas <strong>\u201eJustGaba fotografija\u201c<\/strong>.<\/p>\n<p style=\"text-align: center;\">Esu meni\u0161kos sielos, m\u0117gstu kurti. Po vaik\u0173 gimimo atradau nauj\u0105 hob\u012f &#8211; fotografij\u0105.<\/p>\n<p style=\"text-align: center;\">Visa ko (visko) esm\u0117 yra Meil\u0117, u\u017eburianti, apgaubianti, suartinanti, neleid\u017eianti stov\u0117ti vietoje.<\/p>\n<p style=\"text-align: center;\">I\u0161 Meil\u0117s \u017emon\u0117ms gimsta mano fotografija.<\/p>\n<p style=\"text-align: center;\">Tikslas \u2013 \u012fam\u017einti svarbiausias J\u016bs\u0173 gyvenimo akimirkas, kuri\u0173 kartais galite ir nepasteb\u0117ti:<\/p>\n<p style=\"text-align: center;\">tik k\u0105 pabudusio vaiko mieguisto \u017evilgsnio, \u0161ypsenos, a\u0161ar\u0117l\u0117s ant skruosto, nuostabos, \u017eaidimo.<\/p>\n<p style=\"text-align: center;\">Visa tai mane \u017eavi. Tikras ir nuo\u0161irdus \u017emogus fotografijoje \u2013 tai ir yra mano pol\u0117kis ir \u012fkv\u0117pimas.<\/p>\n","protected":false},"excerpt":{"rendered":"<p>&nbsp; &nbsp; &nbsp; &nbsp; Labai A\u010cI\u016a, kad stabtel\u0117jote! Mano vardas Gabriel\u0117, bet draugai mane vadina tiesiog Gaba. Taip ir gim\u0117 mano verslo pavadinimas \u201eJustGaba fotografija\u201c. Esu meni\u0161kos sielos, m\u0117gstu kurti. Po vaik\u0173 gimimo atradau nauj\u0105 hob\u012f &#8211; fotografij\u0105. Visa ko (visko) esm\u0117 yra Meil\u0117, u\u017eburianti, apgaubianti, suartinanti, neleid\u017eianti stov\u0117ti vietoje. I\u0161 Meil\u0117s \u017emon\u0117ms gimsta mano [&hellip;]<\/p>\n","protected":false},"author":1,"featured_media":0,"parent":0,"menu_order":0,"comment_status":"closed","ping_status":"open","template":"","meta":{"footnotes":""},"_links":{"self":[{"href":"https:\/\/justgaba.com\/lt\/wp-json\/wp\/v2\/pages\/352"}],"collection":[{"href":"https:\/\/justgaba.com\/lt\/wp-json\/wp\/v2\/pages"}],"about":[{"href":"https:\/\/justgaba.com\/lt\/wp-json\/wp\/v2\/types\/page"}],"author":[{"embeddable":true,"href":"https:\/\/justgaba.com\/lt\/wp-json\/wp\/v2\/users\/1"}],"replies":[{"embeddable":true,"href":"https:\/\/justgaba.com\/lt\/wp-json\/wp\/v2\/comments?post=352"}],"version-history":[{"count":5,"href":"https:\/\/justgaba.com\/lt\/wp-json\/wp\/v2\/pages\/352\/revisions"}],"predecessor-version":[{"id":7199,"href":"https:\/\/justgaba.com\/lt\/wp-json\/wp\/v2\/pages\/352\/revisions\/7199"}],"wp:attachment":[{"href":"https:\/\/justgaba.com\/lt\/wp-json\/wp\/v2\/media?parent=352"}],"curies":[{"name":"wp","href":"https:\/\/api.w.org\/{rel}","templated":true}]}}