{"id":7376,"date":"2020-03-24T16:40:21","date_gmt":"2020-03-24T16:40:21","guid":{"rendered":"http:\/\/justgaba.com\/lt\/?page_id=7376"},"modified":"2020-03-25T15:27:15","modified_gmt":"2020-03-25T15:27:15","slug":"tecio-projektas","status":"publish","type":"page","link":"https:\/\/justgaba.com\/lt\/tecio-projektas\/","title":{"rendered":"T\u0117\u010dio projektas"},"content":{"rendered":"<p style=\"text-align: center;\"><strong>T\u0116\u010cIO PROJEKTAS &#8211; JUSTGABA PHOTOGRAPHY 2019- 2020<\/strong><\/p>\n<p>Labas, mano varias Gabriel\u0117, veidas, besislepiantis u\u017e &#8220;JustGaba photography&#8221;. Savo fotografijos kelion\u0119 prad\u0117jau prie\u0161 \u0161e\u0161eris metus. Daugiausia dirbu su naujagimiais, n\u0117\u0161tuk\u0117mis ( besilaukian\u010diomis moterimis), vaikais bei \u0161eimomis.<\/p>\n<p>Dabar a\u0161 darbuojuosi ties &#8220;T\u0117\u010dio projektu&#8221;, kur\u012f prad\u0117jau 2019- \u0173j\u0173 met\u0173 pavasar\u012f. Pagrindin\u0117 id\u0117ja atvaizduoti T\u0117\u010dio ir Vaiko ry\u0161\u012f tarpusavyje, ta\u010diau taip pat yra ir gilesn\u0117 mints \u0161iam projektui.<\/p>\n<p>Istorija, besislepianti po \u0161iuo projektu yra tai, kad a\u0161 netekau savo t\u0117\u010dio, b\u016bdama \u0161e\u0161eri\u0173 metuk\u0173. Mano ses\u0117 dvyn\u0117, Simona, ir a\u0161, nesupratome, kas jam tada nutiko, bet jis nelaimingai \u017euvo nuo kito \u017emogaus rankos.<\/p>\n<p>Ir kadangi beveik vis\u0105 savo gyvenim\u0105 augau, netur\u0117dama t\u0117\u010dio, tai suk\u016br\u0117 tam tikr\u0105 suvokim\u0105, ir a\u0161 \u012f t\u0117vyst\u0119 \u017ei\u016briu ir vertinu kiek kitaip.<\/p>\n<p>Taigi, \u0161is projektas n\u0117ra tik gra\u017e\u016bs paveiksl\u0117liai, tai yra dovana \u017emon\u0117ms, kuriuos fotografuoju, kurie vertina mano k\u016bryb\u0105.<\/p>\n<p>Tai pat tai yra dovana sau pa\u010diai: tarsi savoti\u0161kas paminklas tam, ko netekau. Taip pat tai yra priminimas man branginti kiekvien\u0105 moment\u0105 gyvenime, d\u017eiaugtis kiekviena akimirka, ir vadovautis Meile.<\/p>\n<p>Jeigu jau\u010diate, kad nor\u0117tum\u0117te b\u016bti dalele \u0161io proketo, galite visada su manimi susisiekti mano Facebook puslapyje <a href=\"http:\/\/www.facebook.com\/justgaba\/\">http:\/\/www.facebook.com\/justgaba\/<\/a> arba br\u016bk\u0161telti man elektronin\u0119 \u017einut\u0119 \u012f : justgaba@yahoo.com<\/p>\n<p>&nbsp;<\/p>\n<p>Tikiu, kad kartu galime sukurti ka\u017ek\u0105 gra\u017eaus ir nepakartojamo. A\u010di\u016b.<\/p>\n<p style=\"text-align: center;\">\u00a9 JustGaba photography 2020<\/p>\n<p><iframe loading=\"lazy\" width=\"500\" height=\"281\" src=\"https:\/\/www.youtube.com\/embed\/EPvlSwFpGN8?feature=oembed\" frameborder=\"0\" allow=\"accelerometer; autoplay; encrypted-media; gyroscope; picture-in-picture\" allowfullscreen><\/iframe><\/p>\n<p style=\"text-align: center;\"><strong>Daugiau nuotrauk\u0173 galite rasti \u010dia:<\/strong><\/p>\n<p><img loading=\"lazy\" decoding=\"async\" class=\"pp-insert-all size-full aligncenter\" src=\"http:\/\/justgaba.com\/lt\/wp-content\/uploads\/2020\/03\/24-7376-page\/15.gif\" alt=\"\" width=\"573\" height=\"860\" \/><img loading=\"lazy\" decoding=\"async\" class=\"pp-insert-all size-full aligncenter\" src=\"http:\/\/justgaba.com\/lt\/wp-content\/uploads\/2020\/03\/24-7376-page\/13.gif\" alt=\"\" width=\"1000\" height=\"667\" \/><img loading=\"lazy\" decoding=\"async\" class=\"pp-insert-all size-full aligncenter\" src=\"http:\/\/justgaba.com\/lt\/wp-content\/uploads\/2020\/03\/24-7376-page\/38.gif\" alt=\"\" width=\"573\" height=\"860\" \/><img loading=\"lazy\" decoding=\"async\" class=\"pp-insert-all size-full aligncenter\" src=\"http:\/\/justgaba.com\/lt\/wp-content\/uploads\/2020\/03\/24-7376-page\/21.gif\" alt=\"\" width=\"573\" height=\"860\" \/><img loading=\"lazy\" decoding=\"async\" class=\"pp-insert-all size-full aligncenter\" src=\"http:\/\/justgaba.com\/lt\/wp-content\/uploads\/2020\/03\/24-7376-page\/14.gif\" alt=\"\" width=\"1000\" height=\"667\" \/><img loading=\"lazy\" decoding=\"async\" class=\"pp-insert-all size-full aligncenter\" src=\"http:\/\/justgaba.com\/lt\/wp-content\/uploads\/2020\/03\/24-7376-page\/20.gif\" alt=\"\" width=\"1000\" height=\"667\" \/><img loading=\"lazy\" decoding=\"async\" class=\"pp-insert-all size-full aligncenter\" src=\"http:\/\/justgaba.com\/lt\/wp-content\/uploads\/2020\/03\/24-7376-page\/9.gif\" alt=\"\" width=\"1000\" height=\"667\" \/><img loading=\"lazy\" decoding=\"async\" class=\"pp-insert-all size-full aligncenter\" src=\"http:\/\/justgaba.com\/lt\/wp-content\/uploads\/2020\/03\/24-7376-page\/30.gif\" alt=\"\" width=\"1000\" height=\"716\" \/><img loading=\"lazy\" decoding=\"async\" class=\"pp-insert-all size-full aligncenter\" src=\"http:\/\/justgaba.com\/lt\/wp-content\/uploads\/2020\/03\/24-7376-page\/31.gif\" alt=\"\" width=\"591\" height=\"860\" \/><img loading=\"lazy\" decoding=\"async\" class=\"pp-insert-all size-full aligncenter\" src=\"http:\/\/justgaba.com\/lt\/wp-content\/uploads\/2020\/03\/24-7376-page\/8.gif\" alt=\"\" width=\"1000\" height=\"667\" \/><img loading=\"lazy\" decoding=\"async\" class=\"pp-insert-all size-full aligncenter\" src=\"http:\/\/justgaba.com\/lt\/wp-content\/uploads\/2020\/03\/24-7376-page\/32.gif\" alt=\"\" width=\"1000\" height=\"667\" \/><img loading=\"lazy\" decoding=\"async\" class=\"pp-insert-all size-full aligncenter\" src=\"http:\/\/justgaba.com\/lt\/wp-content\/uploads\/2020\/03\/24-7376-page\/1.gif\" alt=\"\" width=\"1000\" height=\"667\" \/><img loading=\"lazy\" decoding=\"async\" class=\"pp-insert-all size-full aligncenter\" src=\"http:\/\/justgaba.com\/lt\/wp-content\/uploads\/2020\/03\/24-7376-page\/22.gif\" alt=\"\" width=\"1000\" height=\"707\" \/><img loading=\"lazy\" decoding=\"async\" class=\"pp-insert-all size-full aligncenter\" src=\"http:\/\/justgaba.com\/lt\/wp-content\/uploads\/2020\/03\/24-7376-page\/40.gif\" alt=\"\" width=\"1000\" height=\"699\" \/><img loading=\"lazy\" decoding=\"async\" class=\"pp-insert-all size-full aligncenter\" src=\"http:\/\/justgaba.com\/lt\/wp-content\/uploads\/2020\/03\/24-7376-page\/17.gif\" alt=\"\" width=\"573\" height=\"860\" \/><img loading=\"lazy\" decoding=\"async\" class=\"pp-insert-all size-full aligncenter\" src=\"http:\/\/justgaba.com\/lt\/wp-content\/uploads\/2020\/03\/24-7376-page\/34.gif\" alt=\"\" width=\"1000\" height=\"667\" \/><img loading=\"lazy\" decoding=\"async\" class=\"pp-insert-all size-full aligncenter\" src=\"http:\/\/justgaba.com\/lt\/wp-content\/uploads\/2020\/03\/24-7376-page\/35.gif\" alt=\"\" width=\"639\" height=\"860\" \/><img loading=\"lazy\" decoding=\"async\" class=\"pp-insert-all size-full aligncenter\" src=\"http:\/\/justgaba.com\/lt\/wp-content\/uploads\/2020\/03\/24-7376-page\/33.gif\" alt=\"\" width=\"573\" height=\"860\" \/><img loading=\"lazy\" decoding=\"async\" class=\"pp-insert-all size-full aligncenter\" src=\"http:\/\/justgaba.com\/lt\/wp-content\/uploads\/2020\/03\/24-7376-page\/28.gif\" alt=\"\" width=\"1000\" height=\"667\" \/><img loading=\"lazy\" decoding=\"async\" class=\"pp-insert-all size-full aligncenter\" src=\"http:\/\/justgaba.com\/lt\/wp-content\/uploads\/2020\/03\/24-7376-page\/27.gif\" alt=\"\" width=\"573\" height=\"860\" \/><img loading=\"lazy\" decoding=\"async\" class=\"pp-insert-all size-full aligncenter\" src=\"http:\/\/justgaba.com\/lt\/wp-content\/uploads\/2020\/03\/24-7376-page\/7.gif\" alt=\"\" width=\"1000\" height=\"711\" \/><img loading=\"lazy\" decoding=\"async\" class=\"pp-insert-all size-full aligncenter\" src=\"http:\/\/justgaba.com\/lt\/wp-content\/uploads\/2020\/03\/24-7376-page\/6.gif\" alt=\"\" width=\"1000\" height=\"667\" \/><img loading=\"lazy\" decoding=\"async\" class=\"pp-insert-all size-full aligncenter\" src=\"http:\/\/justgaba.com\/lt\/wp-content\/uploads\/2020\/03\/24-7376-page\/29.gif\" alt=\"\" width=\"1000\" height=\"711\" \/><img loading=\"lazy\" decoding=\"async\" class=\"pp-insert-all size-full aligncenter\" src=\"http:\/\/justgaba.com\/lt\/wp-content\/uploads\/2020\/03\/24-7376-page\/36.gif\" alt=\"\" width=\"1000\" height=\"667\" \/><img loading=\"lazy\" decoding=\"async\" class=\"pp-insert-all size-full aligncenter\" src=\"http:\/\/justgaba.com\/lt\/wp-content\/uploads\/2020\/03\/24-7376-page\/11.gif\" alt=\"\" width=\"573\" height=\"860\" \/><img loading=\"lazy\" decoding=\"async\" class=\"pp-insert-all size-full aligncenter\" src=\"http:\/\/justgaba.com\/lt\/wp-content\/uploads\/2020\/03\/24-7376-page\/37.gif\" alt=\"\" width=\"1000\" height=\"667\" \/><img loading=\"lazy\" decoding=\"async\" class=\"pp-insert-all size-full aligncenter\" src=\"http:\/\/justgaba.com\/lt\/wp-content\/uploads\/2020\/03\/24-7376-page\/12.gif\" alt=\"\" width=\"1000\" height=\"667\" \/><img loading=\"lazy\" decoding=\"async\" class=\"pp-insert-all size-full aligncenter\" src=\"http:\/\/justgaba.com\/lt\/wp-content\/uploads\/2020\/03\/24-7376-page\/10.gif\" alt=\"\" width=\"1000\" height=\"667\" \/><img loading=\"lazy\" decoding=\"async\" class=\"pp-insert-all size-full aligncenter\" src=\"http:\/\/justgaba.com\/lt\/wp-content\/uploads\/2020\/03\/24-7376-page\/5.gif\" alt=\"\" width=\"1000\" height=\"667\" \/><img loading=\"lazy\" decoding=\"async\" class=\"pp-insert-all size-full aligncenter\" src=\"http:\/\/justgaba.com\/lt\/wp-content\/uploads\/2020\/03\/24-7376-page\/24.gif\" alt=\"\" width=\"576\" height=\"860\" \/><img loading=\"lazy\" decoding=\"async\" class=\"pp-insert-all size-full aligncenter\" src=\"http:\/\/justgaba.com\/lt\/wp-content\/uploads\/2020\/03\/24-7376-page\/4.gif\" alt=\"\" width=\"577\" height=\"860\" \/><img loading=\"lazy\" decoding=\"async\" class=\"pp-insert-all size-full aligncenter\" src=\"http:\/\/justgaba.com\/lt\/wp-content\/uploads\/2020\/03\/24-7376-page\/2.gif\" alt=\"\" width=\"573\" height=\"860\" \/><img loading=\"lazy\" decoding=\"async\" class=\"pp-insert-all size-full aligncenter\" src=\"http:\/\/justgaba.com\/lt\/wp-content\/uploads\/2020\/03\/24-7376-page\/3.gif\" alt=\"\" width=\"573\" height=\"860\" \/><img loading=\"lazy\" decoding=\"async\" class=\"pp-insert-all size-full aligncenter\" src=\"http:\/\/justgaba.com\/lt\/wp-content\/uploads\/2020\/03\/24-7376-page\/16.gif\" alt=\"\" width=\"713\" height=\"860\" \/><img loading=\"lazy\" decoding=\"async\" class=\"pp-insert-all size-full aligncenter\" src=\"http:\/\/justgaba.com\/lt\/wp-content\/uploads\/2020\/03\/24-7376-page\/39.gif\" alt=\"\" width=\"1000\" height=\"667\" \/><img loading=\"lazy\" decoding=\"async\" class=\"pp-insert-all size-full aligncenter\" src=\"http:\/\/justgaba.com\/lt\/wp-content\/uploads\/2020\/03\/24-7376-page\/18.gif\" alt=\"\" width=\"1000\" height=\"667\" \/><img loading=\"lazy\" decoding=\"async\" class=\"pp-insert-all size-full aligncenter\" src=\"http:\/\/justgaba.com\/lt\/wp-content\/uploads\/2020\/03\/24-7376-page\/19.gif\" alt=\"\" width=\"1000\" height=\"667\" \/><img loading=\"lazy\" decoding=\"async\" class=\"pp-insert-all size-full aligncenter\" src=\"http:\/\/justgaba.com\/lt\/wp-content\/uploads\/2020\/03\/24-7376-page\/25.gif\" alt=\"\" width=\"1000\" height=\"667\" \/><img loading=\"lazy\" decoding=\"async\" class=\"pp-insert-all size-full aligncenter\" src=\"http:\/\/justgaba.com\/lt\/wp-content\/uploads\/2020\/03\/24-7376-page\/26.gif\" alt=\"\" width=\"1000\" height=\"667\" \/><img loading=\"lazy\" decoding=\"async\" class=\"pp-insert-all size-full aligncenter\" src=\"http:\/\/justgaba.com\/lt\/wp-content\/uploads\/2020\/03\/24-7376-page\/23.gif\" alt=\"\" width=\"1000\" height=\"638\" \/><\/p>\n<p>&nbsp;<\/p>\n<p style=\"text-align: center;\"><a href=\"http:\/\/www.justgaba.com\">http:\/\/www.justgaba.com<\/a><\/p>\n<p style=\"text-align: center;\"><a href=\"http:\/\/www.facebook.com\/justgaba\/\">http:\/\/www.facebook.com\/justgaba\/<\/a><\/p>\n<p style=\"text-align: center;\"><a href=\"http:\/\/www.instagram.com\/justgaba_photography\/\">http:\/\/www.instagram.com\/justgaba_photography\/<\/a><\/p>\n<p style=\"text-align: center;\">\u00a9 JustGaba photography 2020<\/p>\n<p>&nbsp;<\/p>\n","protected":false},"excerpt":{"rendered":"<p>T\u0116\u010cIO PROJEKTAS &#8211; JUSTGABA PHOTOGRAPHY 2019- 2020 Labas, mano varias Gabriel\u0117, veidas, besislepiantis u\u017e &#8220;JustGaba photography&#8221;. Savo fotografijos kelion\u0119 prad\u0117jau prie\u0161 \u0161e\u0161eris metus. Daugiausia dirbu su naujagimiais, n\u0117\u0161tuk\u0117mis ( besilaukian\u010diomis moterimis), vaikais bei \u0161eimomis. Dabar a\u0161 darbuojuosi ties &#8220;T\u0117\u010dio projektu&#8221;, kur\u012f prad\u0117jau 2019- \u0173j\u0173 met\u0173 pavasar\u012f. Pagrindin\u0117 id\u0117ja atvaizduoti T\u0117\u010dio ir Vaiko ry\u0161\u012f tarpusavyje, ta\u010diau [&hellip;]<\/p>\n","protected":false},"author":1,"featured_media":0,"parent":0,"menu_order":0,"comment_status":"closed","ping_status":"closed","template":"","meta":{"footnotes":""},"_links":{"self":[{"href":"https:\/\/justgaba.com\/lt\/wp-json\/wp\/v2\/pages\/7376"}],"collection":[{"href":"https:\/\/justgaba.com\/lt\/wp-json\/wp\/v2\/pages"}],"about":[{"href":"https:\/\/justgaba.com\/lt\/wp-json\/wp\/v2\/types\/page"}],"author":[{"embeddable":true,"href":"https:\/\/justgaba.com\/lt\/wp-json\/wp\/v2\/users\/1"}],"replies":[{"embeddable":true,"href":"https:\/\/justgaba.com\/lt\/wp-json\/wp\/v2\/comments?post=7376"}],"version-history":[{"count":5,"href":"https:\/\/justgaba.com\/lt\/wp-json\/wp\/v2\/pages\/7376\/revisions"}],"predecessor-version":[{"id":7444,"href":"https:\/\/justgaba.com\/lt\/wp-json\/wp\/v2\/pages\/7376\/revisions\/7444"}],"wp:attachment":[{"href":"https:\/\/justgaba.com\/lt\/wp-json\/wp\/v2\/media?parent=7376"}],"curies":[{"name":"wp","href":"https:\/\/api.w.org\/{rel}","templated":true}]}}